{"id":2536,"date":"2023-05-17T13:23:13","date_gmt":"2023-05-17T13:23:13","guid":{"rendered":"https:\/\/latviajetsport.com\/?page_id=2536"},"modified":"2026-02-25T12:57:41","modified_gmt":"2026-02-25T12:57:41","slug":"biezak-uzdotie-jautajumi-2","status":"publish","type":"page","link":"https:\/\/latviajetsport.com\/en\/biezak-uzdotie-jautajumi-2\/","title":{"rendered":"About us"},"content":{"rendered":"<div data-elementor-type=\"wp-post\" data-elementor-id=\"2536\" class=\"elementor elementor-2536\" data-elementor-settings=\"{&quot;ha_cmc_init_switcher&quot;:&quot;no&quot;}\">\n\t\t\t\t\t\t<section class=\"elementor-section elementor-top-section elementor-element elementor-element-d7d8b56 elementor-section-boxed elementor-section-height-default elementor-section-height-default wpr-particle-no wpr-jarallax-no wpr-parallax-no wpr-sticky-section-no\" data-id=\"d7d8b56\" data-element_type=\"section\" data-e-type=\"section\" data-settings=\"{&quot;background_background&quot;:&quot;classic&quot;,&quot;shape_divider_bottom&quot;:&quot;wave-brush&quot;,&quot;_ha_eqh_enable&quot;:false}\">\n\t\t\t\t\t\t\t<div class=\"elementor-background-overlay\"><\/div>\n\t\t\t\t\t\t<div class=\"elementor-shape elementor-shape-bottom\" aria-hidden=\"true\" data-negative=\"false\">\n\t\t\t<svg xmlns=\"http:\/\/www.w3.org\/2000\/svg\" viewbox=\"0 0 283.5 27.8\" preserveaspectratio=\"none\">\n\t<path class=\"elementor-shape-fill\" d=\"M283.5,9.7c0,0-7.3,4.3-14,4.6c-6.8,0.3-12.6,0-20.9-1.5c-11.3-2-33.1-10.1-44.7-5.7\ts-12.1,4.6-18,7.4c-6.6,3.2-20,9.6-36.6,9.3C131.6,23.5,99.5,7.2,86.3,8c-1.4,0.1-6.6,0.8-10.5,2c-3.8,1.2-9.4,3.8-17,4.7\tc-3.2,0.4-8.3,1.1-14.2,0.9c-1.5-0.1-6.3-0.4-12-1.6c-5.7-1.2-11-3.1-15.8-3.7C6.5,9.2,0,10.8,0,10.8V0h283.5V9.7z M260.8,11.3\tc-0.7-1-2-0.4-4.3-0.4c-2.3,0-6.1-1.2-5.8-1.1c0.3,0.1,3.1,1.5,6,1.9C259.7,12.2,261.4,12.3,260.8,11.3z M242.4,8.6\tc0,0-2.4-0.2-5.6-0.9c-3.2-0.8-10.3-2.8-15.1-3.5c-8.2-1.1-15.8,0-15.1,0.1c0.8,0.1,9.6-0.6,17.6,1.1c3.3,0.7,9.3,2.2,12.4,2.7\tC239.9,8.7,242.4,8.6,242.4,8.6z M185.2,8.5c1.7-0.7-13.3,4.7-18.5,6.1c-2.1,0.6-6.2,1.6-10,2c-3.9,0.4-8.9,0.4-8.8,0.5\tc0,0.2,5.8,0.8,11.2,0c5.4-0.8,5.2-1.1,7.6-1.6C170.5,14.7,183.5,9.2,185.2,8.5z M199.1,6.9c0.2,0-0.8-0.4-4.8,1.1\tc-4,1.5-6.7,3.5-6.9,3.7c-0.2,0.1,3.5-1.8,6.6-3C197,7.5,199,6.9,199.1,6.9z M283,6c-0.1,0.1-1.9,1.1-4.8,2.5s-6.9,2.8-6.7,2.7\tc0.2,0,3.5-0.6,7.4-2.5C282.8,6.8,283.1,5.9,283,6z M31.3,11.6c0.1-0.2-1.9-0.2-4.5-1.2s-5.4-1.6-7.8-2C15,7.6,7.3,8.5,7.7,8.6\tC8,8.7,15.9,8.3,20.2,9.3c2.2,0.5,2.4,0.5,5.7,1.6S31.2,11.9,31.3,11.6z M73,9.2c0.4-0.1,3.5-1.6,8.4-2.6c4.9-1.1,8.9-0.5,8.9-0.8\tc0-0.3-1-0.9-6.2-0.3S72.6,9.3,73,9.2z M71.6,6.7C71.8,6.8,75,5.4,77.3,5c2.3-0.3,1.9-0.5,1.9-0.6c0-0.1-1.1-0.2-2.7,0.2\tC74.8,5.1,71.4,6.6,71.6,6.7z M93.6,4.4c0.1,0.2,3.5,0.8,5.6,1.8c2.1,1,1.8,0.6,1.9,0.5c0.1-0.1-0.8-0.8-2.4-1.3\tC97.1,4.8,93.5,4.2,93.6,4.4z M65.4,11.1c-0.1,0.3,0.3,0.5,1.9-0.2s2.6-1.3,2.2-1.2s-0.9,0.4-2.5,0.8C65.3,10.9,65.5,10.8,65.4,11.1\tz M34.5,12.4c-0.2,0,2.1,0.8,3.3,0.9c1.2,0.1,2,0.1,2-0.2c0-0.3-0.1-0.5-1.6-0.4C36.6,12.8,34.7,12.4,34.5,12.4z M152.2,21.1\tc-0.1,0.1-2.4-0.3-7.5-0.3c-5,0-13.6-2.4-17.2-3.5c-3.6-1.1,10,3.9,16.5,4.1C150.5,21.6,152.3,21,152.2,21.1z\"\/>\n\t<path class=\"elementor-shape-fill\" d=\"M269.6,18c-0.1-0.1-4.6,0.3-7.2,0c-7.3-0.7-17-3.2-16.6-2.9c0.4,0.3,13.7,3.1,17,3.3\tC267.7,18.8,269.7,18,269.6,18z\"\/>\n\t<path class=\"elementor-shape-fill\" d=\"M227.4,9.8c-0.2-0.1-4.5-1-9.5-1.2c-5-0.2-12.7,0.6-12.3,0.5c0.3-0.1,5.9-1.8,13.3-1.2\tS227.6,9.9,227.4,9.8z\"\/>\n\t<path class=\"elementor-shape-fill\" d=\"M204.5,13.4c-0.1-0.1,2-1,3.2-1.1c1.2-0.1,2,0,2,0.3c0,0.3-0.1,0.5-1.6,0.4\tC206.4,12.9,204.6,13.5,204.5,13.4z\"\/>\n\t<path class=\"elementor-shape-fill\" d=\"M201,10.6c0-0.1-4.4,1.2-6.3,2.2c-1.9,0.9-6.2,3.1-6.1,3.1c0.1,0.1,4.2-1.6,6.3-2.6\tS201,10.7,201,10.6z\"\/>\n\t<path class=\"elementor-shape-fill\" d=\"M154.5,26.7c-0.1-0.1-4.6,0.3-7.2,0c-7.3-0.7-17-3.2-16.6-2.9c0.4,0.3,13.7,3.1,17,3.3\tC152.6,27.5,154.6,26.8,154.5,26.7z\"\/>\n\t<path class=\"elementor-shape-fill\" d=\"M41.9,19.3c0,0,1.2-0.3,2.9-0.1c1.7,0.2,5.8,0.9,8.2,0.7c4.2-0.4,7.4-2.7,7-2.6\tc-0.4,0-4.3,2.2-8.6,1.9c-1.8-0.1-5.1-0.5-6.7-0.4S41.9,19.3,41.9,19.3z\"\/>\n\t<path class=\"elementor-shape-fill\" d=\"M75.5,12.6c0.2,0.1,2-0.8,4.3-1.1c2.3-0.2,2.1-0.3,2.1-0.5c0-0.1-1.8-0.4-3.4,0\tC76.9,11.5,75.3,12.5,75.5,12.6z\"\/>\n\t<path class=\"elementor-shape-fill\" d=\"M15.6,13.2c0-0.1,4.3,0,6.7,0.5c2.4,0.5,5,1.9,5,2c0,0.1-2.7-0.8-5.1-1.4\tC19.9,13.7,15.7,13.3,15.6,13.2z\"\/>\n<\/svg>\t\t<\/div>\n\t\t\t\t\t<div class=\"elementor-container elementor-column-gap-default\">\n\t\t\t\t\t<div class=\"elementor-column elementor-col-100 elementor-top-column elementor-element elementor-element-fd69444\" data-id=\"fd69444\" data-element_type=\"column\" data-e-type=\"column\">\n\t\t\t<div class=\"elementor-widget-wrap elementor-element-populated\">\n\t\t\t\t\t\t<div class=\"elementor-element elementor-element-abcc2f2 elementor-widget elementor-widget-heading\" data-id=\"abcc2f2\" data-element_type=\"widget\" data-e-type=\"widget\" data-widget_type=\"heading.default\">\n\t\t\t\t<div class=\"elementor-widget-container\">\n\t\t\t\t\t<h1 class=\"elementor-heading-title elementor-size-default\">ABOUT US <\/h1>\t\t\t\t<\/div>\n\t\t\t\t<\/div>\n\t\t\t\t\t<\/div>\n\t\t<\/div>\n\t\t\t\t\t<\/div>\n\t\t<\/section>\n\t\t\t\t<section class=\"elementor-section elementor-top-section elementor-element elementor-element-fde3830 elementor-section-boxed elementor-section-height-default elementor-section-height-default wpr-particle-no wpr-jarallax-no wpr-parallax-no wpr-sticky-section-no\" data-id=\"fde3830\" data-element_type=\"section\" data-e-type=\"section\" data-settings=\"{&quot;background_background&quot;:&quot;classic&quot;,&quot;_ha_eqh_enable&quot;:false}\">\n\t\t\t\t\t\t<div class=\"elementor-container elementor-column-gap-default\">\n\t\t\t\t\t<div class=\"elementor-column elementor-col-50 elementor-top-column elementor-element elementor-element-16e5a2e\" data-id=\"16e5a2e\" data-element_type=\"column\" data-e-type=\"column\">\n\t\t\t<div class=\"elementor-widget-wrap elementor-element-populated\">\n\t\t\t\t\t\t<div class=\"elementor-element elementor-element-b99b6aa elementor-widget elementor-widget-heading\" data-id=\"b99b6aa\" data-element_type=\"widget\" data-e-type=\"widget\" data-widget_type=\"heading.default\">\n\t\t\t\t<div class=\"elementor-widget-container\">\n\t\t\t\t\t<h2 class=\"elementor-heading-title elementor-size-default\">ABOUT US <\/h2>\t\t\t\t<\/div>\n\t\t\t\t<\/div>\n\t\t\t\t<div class=\"elementor-element elementor-element-a73b7c1 elementor-widget-divider--view-line elementor-widget elementor-widget-divider\" data-id=\"a73b7c1\" data-element_type=\"widget\" data-e-type=\"widget\" data-widget_type=\"divider.default\">\n\t\t\t\t<div class=\"elementor-widget-container\">\n\t\t\t\t\t\t\t<div class=\"elementor-divider\">\n\t\t\t<span class=\"elementor-divider-separator\">\n\t\t\t\t\t\t<\/span>\n\t\t<\/div>\n\t\t\t\t\t\t<\/div>\n\t\t\t\t<\/div>\n\t\t\t\t<div class=\"elementor-element elementor-element-316d585 elementor-widget elementor-widget-text-editor\" data-id=\"316d585\" data-element_type=\"widget\" data-e-type=\"widget\" data-widget_type=\"text-editor.default\">\n\t\t\t\t<div class=\"elementor-widget-container\">\n\t\t\t\t\t\t\t\t\t<p><span class=\"TextRun SCXW111323670 BCX0\" lang=\"LV-LV\" xml:lang=\"LV-LV\" data-contrast=\"auto\"><span class=\"NormalTextRun SCXW111323670 BCX0\">Latvian <\/span><span class=\"NormalTextRun SpellingErrorV2Themed SCXW111323670 BCX0\">Jet<\/span><span class=\"NormalTextRun SCXW111323670 BCX0\"> Sport Association (LJSA) is a public benefit organisation that was founded more than 20 years ago. LJSA is the official organizer of the International <\/span><span class=\"NormalTextRun SpellingErrorV2Themed SCXW111323670 BCX0\">jet ski<\/span><span class=\"NormalTextRun SCXW111323670 BCX0\"> Championships taking place in Latvia. Our aim is to introduce new people to the exciting world of <\/span><span class=\"NormalTextRun SpellingErrorV2Themed SCXW111323670 BCX0\">jet ski<\/span><span class=\"NormalTextRun SCXW111323670 BCX0\"> racing and build our community of athletes. <\/span><\/span><\/p>\t\t\t\t\t\t\t\t<\/div>\n\t\t\t\t<\/div>\n\t\t\t\t<div class=\"elementor-element elementor-element-828e7c2 elementor-widget elementor-widget-text-editor\" data-id=\"828e7c2\" data-element_type=\"widget\" data-e-type=\"widget\" data-widget_type=\"text-editor.default\">\n\t\t\t\t<div class=\"elementor-widget-container\">\n\t\t\t\t\t\t\t\t\t<p><span class=\"TextRun SCXW93959614 BCX0\" lang=\"LV-LV\" xml:lang=\"LV-LV\" data-contrast=\"auto\"><span class=\"NormalTextRun SCXW93959614 BCX0\">Offering more than 10 different classes based on the experience and <\/span><span class=\"NormalTextRun SpellingErrorV2Themed SCXW93959614 BCX0\">jet skis,<\/span><span class=\"NormalTextRun SCXW93959614 BCX0\">, ikviens ir laipni aicin\u0101ts to izm\u0113\u0123in\u0101t un atrast savu aizrau\u0161anos ar \u016bdens motosport\u0101. M\u016bsu sacens\u012bbu posmos piedal\u0101s daudz da\u017e\u0101du sportistu, s\u0101kot no junioru un hobija brauc\u0113jiem, l\u012bdz pat pasaules klases sportistiem. Sportam att\u012bstoties, esam lepni sevi saukt par starptautisku \u010dempion\u0101tu, kur\u0101 piedal\u0101s sportisti no t\u0101d\u0101m valst\u012bm k\u0101 Latvijas, Lietuvas, Igaunijas, Somijas, Ukrainas, Polijas, Norv\u0113\u0123ijas, Kan\u0101das un cit\u0101m.<\/span><\/span><span class=\"EOP SCXW93959614 BCX0\" data-ccp-props=\"{&quot;201341983&quot;:0,&quot;335559739&quot;:160,&quot;335559740&quot;:259}\">\u00a0<br \/><br \/>L\u016aMSA biedr\u012bba sast\u0101v no t\u0101s biedriem (sportistiem) un br\u012bvpr\u0101t\u012bg\u0101s valdes. Valdes sast\u0101v\u0101 kop\u0161 2021. gada ir Krista Uzare, Ilona Paula un K\u0101rlis \u017d\u016bri\u0146\u0161<\/span><\/p>\t\t\t\t\t\t\t\t<\/div>\n\t\t\t\t<\/div>\n\t\t\t\t\t<\/div>\n\t\t<\/div>\n\t\t\t\t<div class=\"elementor-column elementor-col-50 elementor-top-column elementor-element elementor-element-2d0cc93\" data-id=\"2d0cc93\" data-element_type=\"column\" data-e-type=\"column\">\n\t\t\t<div class=\"elementor-widget-wrap elementor-element-populated\">\n\t\t\t\t\t\t<div class=\"elementor-element elementor-element-75416bb elementor-widget elementor-widget-image\" data-id=\"75416bb\" data-element_type=\"widget\" data-e-type=\"widget\" data-widget_type=\"image.default\">\n\t\t\t\t<div class=\"elementor-widget-container\">\n\t\t\t\t\t\t\t\t\t\t\t\t\t\t\t<img fetchpriority=\"high\" decoding=\"async\" width=\"2560\" height=\"1322\" src=\"https:\/\/latviajetsport.com\/wp-content\/uploads\/2025\/02\/LPS-3.POSMS2K24--scaled.jpg\" class=\"elementor-animation-grow attachment-full size-full wp-image-4241\" alt=\"\" srcset=\"https:\/\/latviajetsport.com\/wp-content\/uploads\/2025\/02\/LPS-3.POSMS2K24--scaled.jpg 2560w, https:\/\/latviajetsport.com\/wp-content\/uploads\/2025\/02\/LPS-3.POSMS2K24--300x155.jpg 300w, https:\/\/latviajetsport.com\/wp-content\/uploads\/2025\/02\/LPS-3.POSMS2K24--1024x529.jpg 1024w, https:\/\/latviajetsport.com\/wp-content\/uploads\/2025\/02\/LPS-3.POSMS2K24--768x397.jpg 768w, https:\/\/latviajetsport.com\/wp-content\/uploads\/2025\/02\/LPS-3.POSMS2K24--1536x793.jpg 1536w, https:\/\/latviajetsport.com\/wp-content\/uploads\/2025\/02\/LPS-3.POSMS2K24--2048x1057.jpg 2048w, https:\/\/latviajetsport.com\/wp-content\/uploads\/2025\/02\/LPS-3.POSMS2K24--18x9.jpg 18w\" sizes=\"(max-width: 2560px) 100vw, 2560px\" \/>\t\t\t\t\t\t\t\t\t\t\t\t\t\t\t<\/div>\n\t\t\t\t<\/div>\n\t\t\t\t\t<\/div>\n\t\t<\/div>\n\t\t\t\t\t<\/div>\n\t\t<\/section>\n\t\t<div class=\"elementor-element elementor-element-fa266e3 e-flex e-con-boxed wpr-particle-no wpr-jarallax-no wpr-parallax-no wpr-sticky-section-no e-con e-parent\" data-id=\"fa266e3\" data-element_type=\"container\" data-e-type=\"container\" data-settings=\"{&quot;_ha_eqh_enable&quot;:false}\">\n\t\t\t\t\t<div class=\"e-con-inner\">\n\t\t\t\t<div class=\"elementor-element elementor-element-23e1d56 elementor-widget elementor-widget-image\" data-id=\"23e1d56\" data-element_type=\"widget\" data-e-type=\"widget\" data-widget_type=\"image.default\">\n\t\t\t\t<div class=\"elementor-widget-container\">\n\t\t\t\t\t\t\t\t\t\t\t\t\t\t\t<img decoding=\"async\" width=\"1024\" height=\"576\" src=\"https:\/\/latviajetsport.com\/wp-content\/uploads\/2026\/02\/SPONSORU-LOGO-majaslapai-1024x576.jpg\" class=\"attachment-large size-large wp-image-4961\" alt=\"\" srcset=\"https:\/\/latviajetsport.com\/wp-content\/uploads\/2026\/02\/SPONSORU-LOGO-majaslapai-1024x576.jpg 1024w, https:\/\/latviajetsport.com\/wp-content\/uploads\/2026\/02\/SPONSORU-LOGO-majaslapai-300x169.jpg 300w, https:\/\/latviajetsport.com\/wp-content\/uploads\/2026\/02\/SPONSORU-LOGO-majaslapai-768x432.jpg 768w, https:\/\/latviajetsport.com\/wp-content\/uploads\/2026\/02\/SPONSORU-LOGO-majaslapai-1536x864.jpg 1536w, https:\/\/latviajetsport.com\/wp-content\/uploads\/2026\/02\/SPONSORU-LOGO-majaslapai-18x10.jpg 18w, https:\/\/latviajetsport.com\/wp-content\/uploads\/2026\/02\/SPONSORU-LOGO-majaslapai.jpg 1920w\" sizes=\"(max-width: 1024px) 100vw, 1024px\" \/>\t\t\t\t\t\t\t\t\t\t\t\t\t\t\t<\/div>\n\t\t\t\t<\/div>\n\t\t\t\t\t<\/div>\n\t\t\t\t<\/div>\n\t\t\t\t<\/div>","protected":false},"excerpt":{"rendered":"<p>PAR MUMS PAR MUMS Latvijas \u016adensmotociklu Sporta Asoci\u0101cija (L\u016aMSA) ir sabiedrisk\u0101 labuma organiz\u0101cija, kas dibin\u0101ta pirms vair\u0101k nek\u0101 20 gadiem. L\u016aMSA ir galvenais un ofici\u0101lais Latvij\u0101 notieko\u0161\u0101 starptautisk\u0101 \u016bdensmotociklu \u010dempion\u0101ta organizators. M\u016bsu m\u0113r\u0137is ir iepaz\u012bstin\u0101t cilv\u0113kus ar aizraujo\u0161o \u016bdensmotociklu sportu un papla\u0161in\u0101t m\u016bsu sportistu kopienu. Pied\u0101v\u0101jot vair\u0101k nek\u0101 10 da\u017e\u0101das klases, pamatojoties uz pieredzi un \u016bdensmotocikliem, ikviens ir laipni aicin\u0101ts to izm\u0113\u0123in\u0101t un atrast savu aizrau\u0161anos ar \u016bdens motosport\u0101. M\u016bsu sacens\u012bbu posmos piedal\u0101s daudz da\u017e\u0101du sportistu, s\u0101kot no junioru un hobija brauc\u0113jiem, l\u012bdz pat pasaules klases sportistiem. Sportam att\u012bstoties, esam lepni sevi saukt par starptautisku \u010dempion\u0101tu, kur\u0101 piedal\u0101s sportisti no t\u0101d\u0101m valst\u012bm k\u0101 Latvijas, Lietuvas, Igaunijas, Somijas, Ukrainas, Polijas, Norv\u0113\u0123ijas, Kan\u0101das un cit\u0101m.\u00a0 L\u016aMSA biedr\u012bba sast\u0101v no t\u0101s biedriem (sportistiem) un br\u012bvpr\u0101t\u012bg\u0101s valdes. Valdes sast\u0101v\u0101 kop\u0161 2021. gada ir Krista Uzare, Ilona Paula un K\u0101rlis \u017d\u016bri\u0146\u0161<\/p>","protected":false},"author":1,"featured_media":1934,"parent":0,"menu_order":0,"comment_status":"closed","ping_status":"closed","template":"elementor_header_footer","meta":{"site-sidebar-layout":"no-sidebar","site-content-layout":"page-builder","ast-site-content-layout":"default","site-content-style":"default","site-sidebar-style":"default","ast-global-header-display":"","ast-banner-title-visibility":"","ast-main-header-display":"","ast-hfb-above-header-display":"","ast-hfb-below-header-display":"","ast-hfb-mobile-header-display":"","site-post-title":"disabled","ast-breadcrumbs-content":"","ast-featured-img":"disabled","footer-sml-layout":"","ast-disable-related-posts":"","theme-transparent-header-meta":"enabled","adv-header-id-meta":"","stick-header-meta":"","header-above-stick-meta":"","header-main-stick-meta":"","header-below-stick-meta":"","astra-migrate-meta-layouts":"default","ast-page-background-enabled":"default","ast-page-background-meta":{"desktop":{"background-color":"","background-image":"","background-repeat":"repeat","background-position":"center center","background-size":"auto","background-attachment":"scroll","background-type":"","background-media":"","overlay-type":"","overlay-color":"","overlay-opacity":"","overlay-gradient":""},"tablet":{"background-color":"","background-image":"","background-repeat":"repeat","background-position":"center center","background-size":"auto","background-attachment":"scroll","background-type":"","background-media":"","overlay-type":"","overlay-color":"","overlay-opacity":"","overlay-gradient":""},"mobile":{"background-color":"","background-image":"","background-repeat":"repeat","background-position":"center center","background-size":"auto","background-attachment":"scroll","background-type":"","background-media":"","overlay-type":"","overlay-color":"","overlay-opacity":"","overlay-gradient":""}},"ast-content-background-meta":{"desktop":{"background-color":"var(--ast-global-color-5)","background-image":"","background-repeat":"repeat","background-position":"center center","background-size":"auto","background-attachment":"scroll","background-type":"","background-media":"","overlay-type":"","overlay-color":"","overlay-opacity":"","overlay-gradient":""},"tablet":{"background-color":"var(--ast-global-color-5)","background-image":"","background-repeat":"repeat","background-position":"center center","background-size":"auto","background-attachment":"scroll","background-type":"","background-media":"","overlay-type":"","overlay-color":"","overlay-opacity":"","overlay-gradient":""},"mobile":{"background-color":"var(--ast-global-color-5)","background-image":"","background-repeat":"repeat","background-position":"center center","background-size":"auto","background-attachment":"scroll","background-type":"","background-media":"","overlay-type":"","overlay-color":"","overlay-opacity":"","overlay-gradient":""}},"footnotes":""},"class_list":["post-2536","page","type-page","status-publish","has-post-thumbnail","hentry"],"rttpg_featured_image_url":{"full":["https:\/\/latviajetsport.com\/wp-content\/uploads\/2023\/05\/cropped-LJSA_no_back.png",500,459,false],"landscape":["https:\/\/latviajetsport.com\/wp-content\/uploads\/2023\/05\/cropped-LJSA_no_back.png",500,459,false],"portraits":["https:\/\/latviajetsport.com\/wp-content\/uploads\/2023\/05\/cropped-LJSA_no_back.png",500,459,false],"thumbnail":["https:\/\/latviajetsport.com\/wp-content\/uploads\/2023\/05\/cropped-LJSA_no_back-150x150.png",150,150,true],"medium":["https:\/\/latviajetsport.com\/wp-content\/uploads\/2023\/05\/cropped-LJSA_no_back-300x275.png",300,275,true],"large":["https:\/\/latviajetsport.com\/wp-content\/uploads\/2023\/05\/cropped-LJSA_no_back.png",500,459,false],"1536x1536":["https:\/\/latviajetsport.com\/wp-content\/uploads\/2023\/05\/cropped-LJSA_no_back.png",500,459,false],"2048x2048":["https:\/\/latviajetsport.com\/wp-content\/uploads\/2023\/05\/cropped-LJSA_no_back.png",500,459,false],"trp-custom-language-flag":["https:\/\/latviajetsport.com\/wp-content\/uploads\/2023\/05\/cropped-LJSA_no_back-13x12.png",13,12,true]},"rttpg_author":{"display_name":"udensmocis.lv@gmail.com","author_link":"https:\/\/latviajetsport.com\/en\/author\/udensmocis-lvgmail-com\/"},"rttpg_comment":0,"rttpg_category":null,"rttpg_excerpt":"PAR MUMS PAR MUMS Latvijas \u016adensmotociklu Sporta Asoci\u0101cija (L\u016aMSA) ir sabiedrisk\u0101 labuma organiz\u0101cija, kas dibin\u0101ta pirms vair\u0101k nek\u0101 20 gadiem. L\u016aMSA ir galvenais un ofici\u0101lais Latvij\u0101 notieko\u0161\u0101 starptautisk\u0101 \u016bdensmotociklu \u010dempion\u0101ta organizators. M\u016bsu m\u0113r\u0137is ir iepaz\u012bstin\u0101t cilv\u0113kus ar aizraujo\u0161o \u016bdensmotociklu sportu un papla\u0161in\u0101t m\u016bsu sportistu kopienu. Pied\u0101v\u0101jot vair\u0101k nek\u0101 10 da\u017e\u0101das klases, pamatojoties uz pieredzi un&hellip;","_links":{"self":[{"href":"https:\/\/latviajetsport.com\/en\/wp-json\/wp\/v2\/pages\/2536","targetHints":{"allow":["GET"]}}],"collection":[{"href":"https:\/\/latviajetsport.com\/en\/wp-json\/wp\/v2\/pages"}],"about":[{"href":"https:\/\/latviajetsport.com\/en\/wp-json\/wp\/v2\/types\/page"}],"author":[{"embeddable":true,"href":"https:\/\/latviajetsport.com\/en\/wp-json\/wp\/v2\/users\/1"}],"replies":[{"embeddable":true,"href":"https:\/\/latviajetsport.com\/en\/wp-json\/wp\/v2\/comments?post=2536"}],"version-history":[{"count":43,"href":"https:\/\/latviajetsport.com\/en\/wp-json\/wp\/v2\/pages\/2536\/revisions"}],"predecessor-version":[{"id":4992,"href":"https:\/\/latviajetsport.com\/en\/wp-json\/wp\/v2\/pages\/2536\/revisions\/4992"}],"wp:featuredmedia":[{"embeddable":true,"href":"https:\/\/latviajetsport.com\/en\/wp-json\/wp\/v2\/media\/1934"}],"wp:attachment":[{"href":"https:\/\/latviajetsport.com\/en\/wp-json\/wp\/v2\/media?parent=2536"}],"curies":[{"name":"wp","href":"https:\/\/api.w.org\/{rel}","templated":true}]}}