{"id":4451,"date":"2025-05-30T07:12:56","date_gmt":"2025-05-30T07:12:56","guid":{"rendered":"https:\/\/latviajetsport.com\/?page_id=4451"},"modified":"2026-02-25T12:56:43","modified_gmt":"2026-02-25T12:56:43","slug":"results-2","status":"publish","type":"page","link":"https:\/\/latviajetsport.com\/en\/results-2\/","title":{"rendered":"2025"},"content":{"rendered":"<div data-elementor-type=\"wp-post\" data-elementor-id=\"4451\" class=\"elementor elementor-4451\" data-elementor-settings=\"{&quot;ha_cmc_init_switcher&quot;:&quot;no&quot;}\">\n\t\t\t\t\t\t<section class=\"elementor-section elementor-top-section elementor-element elementor-element-d7d8b56 elementor-section-boxed elementor-section-height-default elementor-section-height-default wpr-particle-no wpr-jarallax-no wpr-parallax-no wpr-sticky-section-no\" data-id=\"d7d8b56\" data-element_type=\"section\" data-e-type=\"section\" data-settings=\"{&quot;background_background&quot;:&quot;classic&quot;,&quot;shape_divider_bottom&quot;:&quot;wave-brush&quot;,&quot;_ha_eqh_enable&quot;:false}\">\n\t\t\t\t\t\t\t<div class=\"elementor-background-overlay\"><\/div>\n\t\t\t\t\t\t<div class=\"elementor-shape elementor-shape-bottom\" aria-hidden=\"true\" data-negative=\"false\">\n\t\t\t<svg xmlns=\"http:\/\/www.w3.org\/2000\/svg\" viewbox=\"0 0 283.5 27.8\" preserveaspectratio=\"none\">\n\t<path class=\"elementor-shape-fill\" d=\"M283.5,9.7c0,0-7.3,4.3-14,4.6c-6.8,0.3-12.6,0-20.9-1.5c-11.3-2-33.1-10.1-44.7-5.7\ts-12.1,4.6-18,7.4c-6.6,3.2-20,9.6-36.6,9.3C131.6,23.5,99.5,7.2,86.3,8c-1.4,0.1-6.6,0.8-10.5,2c-3.8,1.2-9.4,3.8-17,4.7\tc-3.2,0.4-8.3,1.1-14.2,0.9c-1.5-0.1-6.3-0.4-12-1.6c-5.7-1.2-11-3.1-15.8-3.7C6.5,9.2,0,10.8,0,10.8V0h283.5V9.7z M260.8,11.3\tc-0.7-1-2-0.4-4.3-0.4c-2.3,0-6.1-1.2-5.8-1.1c0.3,0.1,3.1,1.5,6,1.9C259.7,12.2,261.4,12.3,260.8,11.3z M242.4,8.6\tc0,0-2.4-0.2-5.6-0.9c-3.2-0.8-10.3-2.8-15.1-3.5c-8.2-1.1-15.8,0-15.1,0.1c0.8,0.1,9.6-0.6,17.6,1.1c3.3,0.7,9.3,2.2,12.4,2.7\tC239.9,8.7,242.4,8.6,242.4,8.6z M185.2,8.5c1.7-0.7-13.3,4.7-18.5,6.1c-2.1,0.6-6.2,1.6-10,2c-3.9,0.4-8.9,0.4-8.8,0.5\tc0,0.2,5.8,0.8,11.2,0c5.4-0.8,5.2-1.1,7.6-1.6C170.5,14.7,183.5,9.2,185.2,8.5z M199.1,6.9c0.2,0-0.8-0.4-4.8,1.1\tc-4,1.5-6.7,3.5-6.9,3.7c-0.2,0.1,3.5-1.8,6.6-3C197,7.5,199,6.9,199.1,6.9z M283,6c-0.1,0.1-1.9,1.1-4.8,2.5s-6.9,2.8-6.7,2.7\tc0.2,0,3.5-0.6,7.4-2.5C282.8,6.8,283.1,5.9,283,6z M31.3,11.6c0.1-0.2-1.9-0.2-4.5-1.2s-5.4-1.6-7.8-2C15,7.6,7.3,8.5,7.7,8.6\tC8,8.7,15.9,8.3,20.2,9.3c2.2,0.5,2.4,0.5,5.7,1.6S31.2,11.9,31.3,11.6z M73,9.2c0.4-0.1,3.5-1.6,8.4-2.6c4.9-1.1,8.9-0.5,8.9-0.8\tc0-0.3-1-0.9-6.2-0.3S72.6,9.3,73,9.2z M71.6,6.7C71.8,6.8,75,5.4,77.3,5c2.3-0.3,1.9-0.5,1.9-0.6c0-0.1-1.1-0.2-2.7,0.2\tC74.8,5.1,71.4,6.6,71.6,6.7z M93.6,4.4c0.1,0.2,3.5,0.8,5.6,1.8c2.1,1,1.8,0.6,1.9,0.5c0.1-0.1-0.8-0.8-2.4-1.3\tC97.1,4.8,93.5,4.2,93.6,4.4z M65.4,11.1c-0.1,0.3,0.3,0.5,1.9-0.2s2.6-1.3,2.2-1.2s-0.9,0.4-2.5,0.8C65.3,10.9,65.5,10.8,65.4,11.1\tz M34.5,12.4c-0.2,0,2.1,0.8,3.3,0.9c1.2,0.1,2,0.1,2-0.2c0-0.3-0.1-0.5-1.6-0.4C36.6,12.8,34.7,12.4,34.5,12.4z M152.2,21.1\tc-0.1,0.1-2.4-0.3-7.5-0.3c-5,0-13.6-2.4-17.2-3.5c-3.6-1.1,10,3.9,16.5,4.1C150.5,21.6,152.3,21,152.2,21.1z\"\/>\n\t<path class=\"elementor-shape-fill\" d=\"M269.6,18c-0.1-0.1-4.6,0.3-7.2,0c-7.3-0.7-17-3.2-16.6-2.9c0.4,0.3,13.7,3.1,17,3.3\tC267.7,18.8,269.7,18,269.6,18z\"\/>\n\t<path class=\"elementor-shape-fill\" d=\"M227.4,9.8c-0.2-0.1-4.5-1-9.5-1.2c-5-0.2-12.7,0.6-12.3,0.5c0.3-0.1,5.9-1.8,13.3-1.2\tS227.6,9.9,227.4,9.8z\"\/>\n\t<path class=\"elementor-shape-fill\" d=\"M204.5,13.4c-0.1-0.1,2-1,3.2-1.1c1.2-0.1,2,0,2,0.3c0,0.3-0.1,0.5-1.6,0.4\tC206.4,12.9,204.6,13.5,204.5,13.4z\"\/>\n\t<path class=\"elementor-shape-fill\" d=\"M201,10.6c0-0.1-4.4,1.2-6.3,2.2c-1.9,0.9-6.2,3.1-6.1,3.1c0.1,0.1,4.2-1.6,6.3-2.6\tS201,10.7,201,10.6z\"\/>\n\t<path class=\"elementor-shape-fill\" d=\"M154.5,26.7c-0.1-0.1-4.6,0.3-7.2,0c-7.3-0.7-17-3.2-16.6-2.9c0.4,0.3,13.7,3.1,17,3.3\tC152.6,27.5,154.6,26.8,154.5,26.7z\"\/>\n\t<path class=\"elementor-shape-fill\" d=\"M41.9,19.3c0,0,1.2-0.3,2.9-0.1c1.7,0.2,5.8,0.9,8.2,0.7c4.2-0.4,7.4-2.7,7-2.6\tc-0.4,0-4.3,2.2-8.6,1.9c-1.8-0.1-5.1-0.5-6.7-0.4S41.9,19.3,41.9,19.3z\"\/>\n\t<path class=\"elementor-shape-fill\" d=\"M75.5,12.6c0.2,0.1,2-0.8,4.3-1.1c2.3-0.2,2.1-0.3,2.1-0.5c0-0.1-1.8-0.4-3.4,0\tC76.9,11.5,75.3,12.5,75.5,12.6z\"\/>\n\t<path class=\"elementor-shape-fill\" d=\"M15.6,13.2c0-0.1,4.3,0,6.7,0.5c2.4,0.5,5,1.9,5,2c0,0.1-2.7-0.8-5.1-1.4\tC19.9,13.7,15.7,13.3,15.6,13.2z\"\/>\n<\/svg>\t\t<\/div>\n\t\t\t\t\t<div class=\"elementor-container elementor-column-gap-default\">\n\t\t\t\t\t<div class=\"elementor-column elementor-col-100 elementor-top-column elementor-element elementor-element-fd69444\" data-id=\"fd69444\" data-element_type=\"column\" data-e-type=\"column\">\n\t\t\t<div class=\"elementor-widget-wrap elementor-element-populated\">\n\t\t\t\t\t\t<div class=\"elementor-element elementor-element-abcc2f2 elementor-widget elementor-widget-heading\" data-id=\"abcc2f2\" data-element_type=\"widget\" data-e-type=\"widget\" data-widget_type=\"heading.default\">\n\t\t\t\t<div class=\"elementor-widget-container\">\n\t\t\t\t\t<h1 class=\"elementor-heading-title elementor-size-default\">2025.&nbsp;gada \u016bdens motociklu sacens\u012bbu rezult\u0101ti<\/h1>\t\t\t\t<\/div>\n\t\t\t\t<\/div>\n\t\t\t\t\t<\/div>\n\t\t<\/div>\n\t\t\t\t\t<\/div>\n\t\t<\/section>\n\t\t<div class=\"elementor-element elementor-element-8fd7254 e-flex e-con-boxed wpr-particle-no wpr-jarallax-no wpr-parallax-no wpr-sticky-section-no e-con e-parent\" data-id=\"8fd7254\" data-element_type=\"container\" data-e-type=\"container\" data-settings=\"{&quot;_ha_eqh_enable&quot;:false}\">\n\t\t\t\t\t<div class=\"e-con-inner\">\n\t\t\t\t<div class=\"elementor-element elementor-element-1acc9f4 elementor-widget elementor-widget-ha-navigation-menu happy-addon ha-navigation-menu\" data-id=\"1acc9f4\" data-element_type=\"widget\" data-e-type=\"widget\" data-widget_type=\"ha-navigation-menu.default\">\n\t\t\t\t<div class=\"elementor-widget-container\">\n\t\t\t\t\t<nav class=\"ha-nav-menu ha-navigation-menu-wrapper\"><div class=\"menu-races-container\">\t\t\t\t<div class=\"ha-nav-humberger-wrapper\">\n\t\t\t\t\t<span class=\"ha-menu-open-icon ha-menu-toggler\" data-humberger=\"open\"><i aria-hidden=\"true\" class=\"fas fa-bars\"><\/i><\/span>\n\t\t\t\t\t<span class=\"ha-menu-close-icon ha-menu-toggler hide-icon\" data-humberger=\"close\"><i aria-hidden=\"true\" class=\"far fa-window-close\"><\/i><\/span>\n\t\t\t\t<\/div>\n\t\t\t<ul id=\"menu-races\" class=\"menu\"><li id=\"menu-item-3455\" class=\"menu-item menu-item-type-post_type menu-item-object-page menu-item-has-children\"><a aria-expanded=\"false\" href=\"https:\/\/latviajetsport.com\/en\/results\/\" class=\"menu-link\"><span class=\"menu-item-title\">Results (nav aktu\u0101la)<\/span><\/a><span class=\"ha-submenu-indicator-wrap fas fa-angle-down\"><\/span>\n<ul class=\"sub-menu\">\n\t<li id=\"menu-item-4456\" class=\"menu-item menu-item-type-post_type menu-item-object-page\"><a href=\"https:\/\/latviajetsport.com\/en\/results-2\/\" class=\"menu-link\"><span class=\"menu-item-title\">2025<\/span><\/a>\t<li id=\"menu-item-3781\" class=\"menu-item menu-item-type-post_type menu-item-object-page\"><a href=\"https:\/\/latviajetsport.com\/en\/2024-gada-udens-motociklu-rezultati\/\" class=\"menu-link\"><span class=\"menu-item-title\">2024<\/span><\/a>\t<li id=\"menu-item-3456\" class=\"menu-item menu-item-type-post_type menu-item-object-page\"><a href=\"https:\/\/latviajetsport.com\/en\/2023-gada-udens-motociklu-sacensibu-rezultati\/\" class=\"menu-link\"><span class=\"menu-item-title\">2023<\/span><\/a>\t<li id=\"menu-item-3457\" class=\"menu-item menu-item-type-post_type menu-item-object-page\"><a href=\"https:\/\/latviajetsport.com\/en\/2022-gada-udens-motociklu-sacensibu-rezultati\/\" class=\"menu-link\"><span class=\"menu-item-title\">2022<\/span><\/a>\t<li id=\"menu-item-3458\" class=\"menu-item menu-item-type-post_type menu-item-object-page\"><a href=\"https:\/\/latviajetsport.com\/en\/2021-gada-udens-motociklu-sacensibu-rezultati\/\" class=\"menu-link\"><span class=\"menu-item-title\">2021<\/span><\/a>\t<li id=\"menu-item-3459\" class=\"menu-item menu-item-type-post_type menu-item-object-page\"><a href=\"https:\/\/latviajetsport.com\/en\/2020-gada-udens-motociklu-sacensibu-rezultati\/\" class=\"menu-link\"><span class=\"menu-item-title\">2020<\/span><\/a>\t<li id=\"menu-item-3460\" class=\"menu-item menu-item-type-post_type menu-item-object-page\"><a href=\"https:\/\/latviajetsport.com\/en\/2019-gada-udens-motociklu-sacensibu-rezultati\/\" class=\"menu-link\"><span class=\"menu-item-title\">2019<\/span><\/a>\t<li id=\"menu-item-4179\" class=\"menu-item menu-item-type-post_type menu-item-object-page\"><a href=\"https:\/\/latviajetsport.com\/en\/arhivs\/\" class=\"menu-link\"><span class=\"menu-item-title\">Archive<\/span><\/a><\/ul>\n<\/li>\n<\/ul><\/div><\/nav>\t\t\t\t<\/div>\n\t\t\t\t<\/div>\n\t\t\t\t<div class=\"elementor-element elementor-element-fd3b139 elementor-widget elementor-widget-button\" data-id=\"fd3b139\" data-element_type=\"widget\" data-e-type=\"widget\" data-widget_type=\"button.default\">\n\t\t\t\t<div class=\"elementor-widget-container\">\n\t\t\t\t\t\t\t\t\t<div class=\"elementor-button-wrapper\">\n\t\t\t\t\t<a class=\"elementor-button elementor-button-link elementor-size-sm\" href=\"https:\/\/drive.google.com\/uc?export=download&#038;id=19s-zn6n1svPx7wt6o6uXHrMnu-jNTPT9\" rel=\"nofollow noopener\" target=\"_blank\">\n\t\t\t\t\t\t<span class=\"elementor-button-content-wrapper\">\n\t\t\t\t\t\t\t\t\t<span class=\"elementor-button-text\">Download<\/span>\n\t\t\t\t\t<\/span>\n\t\t\t\t\t<\/a>\n\t\t\t\t<\/div>\n\t\t\t\t\t\t\t\t<\/div>\n\t\t\t\t<\/div>\n\t\t\t\t\t<\/div>\n\t\t\t\t<\/div>\n\t\t<div class=\"elementor-element elementor-element-adeaa62 e-flex e-con-boxed wpr-particle-no wpr-jarallax-no wpr-parallax-no wpr-sticky-section-no e-con e-parent\" data-id=\"adeaa62\" data-element_type=\"container\" data-e-type=\"container\" data-settings=\"{&quot;_ha_eqh_enable&quot;:false}\">\n\t\t\t\t\t<div class=\"e-con-inner\">\n\t\t\t\t<div class=\"elementor-element elementor-element-0299f0c elementor-widget elementor-widget-html\" data-id=\"0299f0c\" data-element_type=\"widget\" data-e-type=\"widget\" data-widget_type=\"html.default\">\n\t\t\t\t<div class=\"elementor-widget-container\">\n\t\t\t\t\t<iframe height=\"700\" <iframe src=\"https:\/\/docs.google.com\/spreadsheets\/d\/e\/2PACX-1vQUd6M_WPkwO3sWkZIhe7IFdADzwP9vKfHuY2VACAo3JfSXn2DrzgQIa412u0AE1A\/pubhtml;headers=false\"><\/iframe>\t\t\t\t<\/div>\n\t\t\t\t<\/div>\n\t\t\t\t\t<\/div>\n\t\t\t\t<\/div>\n\t\t<div class=\"elementor-element elementor-element-2aab554 e-flex e-con-boxed wpr-particle-no wpr-jarallax-no wpr-parallax-no wpr-sticky-section-no e-con e-parent\" data-id=\"2aab554\" data-element_type=\"container\" data-e-type=\"container\" data-settings=\"{&quot;_ha_eqh_enable&quot;:false}\">\n\t\t\t\t\t<div class=\"e-con-inner\">\n\t\t\t\t<div class=\"elementor-element elementor-element-5d85403 elementor-widget elementor-widget-spacer\" data-id=\"5d85403\" data-element_type=\"widget\" data-e-type=\"widget\" data-widget_type=\"spacer.default\">\n\t\t\t\t<div class=\"elementor-widget-container\">\n\t\t\t\t\t\t\t<div class=\"elementor-spacer\">\n\t\t\t<div class=\"elementor-spacer-inner\"><\/div>\n\t\t<\/div>\n\t\t\t\t\t\t<\/div>\n\t\t\t\t<\/div>\n\t\t\t\t\t<\/div>\n\t\t\t\t<\/div>\n\t\t<div class=\"elementor-element elementor-element-f5f1fc6 e-flex e-con-boxed wpr-particle-no wpr-jarallax-no wpr-parallax-no wpr-sticky-section-no e-con e-parent\" data-id=\"f5f1fc6\" data-element_type=\"container\" data-e-type=\"container\" data-settings=\"{&quot;_ha_eqh_enable&quot;:false}\">\n\t\t\t\t\t<div class=\"e-con-inner\">\n\t\t\t\t<div class=\"elementor-element elementor-element-fd66b96 elementor-widget elementor-widget-image\" data-id=\"fd66b96\" data-element_type=\"widget\" data-e-type=\"widget\" data-widget_type=\"image.default\">\n\t\t\t\t<div class=\"elementor-widget-container\">\n\t\t\t\t\t\t\t\t\t\t\t\t\t\t\t<img fetchpriority=\"high\" decoding=\"async\" width=\"1024\" height=\"576\" src=\"https:\/\/latviajetsport.com\/wp-content\/uploads\/2026\/02\/SPONSORU-LOGO-majaslapai-1024x576.jpg\" class=\"attachment-large size-large wp-image-4961\" alt=\"\" srcset=\"https:\/\/latviajetsport.com\/wp-content\/uploads\/2026\/02\/SPONSORU-LOGO-majaslapai-1024x576.jpg 1024w, https:\/\/latviajetsport.com\/wp-content\/uploads\/2026\/02\/SPONSORU-LOGO-majaslapai-300x169.jpg 300w, https:\/\/latviajetsport.com\/wp-content\/uploads\/2026\/02\/SPONSORU-LOGO-majaslapai-768x432.jpg 768w, https:\/\/latviajetsport.com\/wp-content\/uploads\/2026\/02\/SPONSORU-LOGO-majaslapai-1536x864.jpg 1536w, https:\/\/latviajetsport.com\/wp-content\/uploads\/2026\/02\/SPONSORU-LOGO-majaslapai-18x10.jpg 18w, https:\/\/latviajetsport.com\/wp-content\/uploads\/2026\/02\/SPONSORU-LOGO-majaslapai.jpg 1920w\" sizes=\"(max-width: 1024px) 100vw, 1024px\" \/>\t\t\t\t\t\t\t\t\t\t\t\t\t\t\t<\/div>\n\t\t\t\t<\/div>\n\t\t\t\t\t<\/div>\n\t\t\t\t<\/div>\n\t\t\t\t<\/div>","protected":false},"excerpt":{"rendered":"<p>2025.&nbsp;gada \u016bdens motociklu sacens\u012bbu rezult\u0101ti Results (nav aktu\u0101la) 2025 2024 2023 2022 2021 2020 2019 Arh\u012bvs Lejupiel\u0101d\u0113t<\/p>","protected":false},"author":1,"featured_media":1496,"parent":0,"menu_order":0,"comment_status":"closed","ping_status":"closed","template":"elementor_header_footer","meta":{"site-sidebar-layout":"no-sidebar","site-content-layout":"page-builder","ast-site-content-layout":"default","site-content-style":"default","site-sidebar-style":"default","ast-global-header-display":"","ast-banner-title-visibility":"","ast-main-header-display":"","ast-hfb-above-header-display":"","ast-hfb-below-header-display":"","ast-hfb-mobile-header-display":"","site-post-title":"","ast-breadcrumbs-content":"","ast-featured-img":"disabled","footer-sml-layout":"","ast-disable-related-posts":"","theme-transparent-header-meta":"enabled","adv-header-id-meta":"","stick-header-meta":"","header-above-stick-meta":"","header-main-stick-meta":"","header-below-stick-meta":"","astra-migrate-meta-layouts":"default","ast-page-background-enabled":"default","ast-page-background-meta":{"desktop":{"background-color":"","background-image":"","background-repeat":"repeat","background-position":"center center","background-size":"auto","background-attachment":"scroll","background-type":"","background-media":"","overlay-type":"","overlay-color":"","overlay-opacity":"","overlay-gradient":""},"tablet":{"background-color":"","background-image":"","background-repeat":"repeat","background-position":"center center","background-size":"auto","background-attachment":"scroll","background-type":"","background-media":"","overlay-type":"","overlay-color":"","overlay-opacity":"","overlay-gradient":""},"mobile":{"background-color":"","background-image":"","background-repeat":"repeat","background-position":"center center","background-size":"auto","background-attachment":"scroll","background-type":"","background-media":"","overlay-type":"","overlay-color":"","overlay-opacity":"","overlay-gradient":""}},"ast-content-background-meta":{"desktop":{"background-color":"var(--ast-global-color-5)","background-image":"","background-repeat":"repeat","background-position":"center center","background-size":"auto","background-attachment":"scroll","background-type":"","background-media":"","overlay-type":"","overlay-color":"","overlay-opacity":"","overlay-gradient":""},"tablet":{"background-color":"var(--ast-global-color-5)","background-image":"","background-repeat":"repeat","background-position":"center center","background-size":"auto","background-attachment":"scroll","background-type":"","background-media":"","overlay-type":"","overlay-color":"","overlay-opacity":"","overlay-gradient":""},"mobile":{"background-color":"var(--ast-global-color-5)","background-image":"","background-repeat":"repeat","background-position":"center center","background-size":"auto","background-attachment":"scroll","background-type":"","background-media":"","overlay-type":"","overlay-color":"","overlay-opacity":"","overlay-gradient":""}},"footnotes":""},"class_list":["post-4451","page","type-page","status-publish","has-post-thumbnail","hentry"],"rttpg_featured_image_url":{"full":["https:\/\/latviajetsport.com\/wp-content\/uploads\/2023\/04\/cropped-LJSA_no_back.png",512,512,false],"landscape":["https:\/\/latviajetsport.com\/wp-content\/uploads\/2023\/04\/cropped-LJSA_no_back.png",512,512,false],"portraits":["https:\/\/latviajetsport.com\/wp-content\/uploads\/2023\/04\/cropped-LJSA_no_back.png",512,512,false],"thumbnail":["https:\/\/latviajetsport.com\/wp-content\/uploads\/2023\/04\/cropped-LJSA_no_back-150x150.png",150,150,true],"medium":["https:\/\/latviajetsport.com\/wp-content\/uploads\/2023\/04\/cropped-LJSA_no_back-300x300.png",300,300,true],"large":["https:\/\/latviajetsport.com\/wp-content\/uploads\/2023\/04\/cropped-LJSA_no_back.png",512,512,false],"1536x1536":["https:\/\/latviajetsport.com\/wp-content\/uploads\/2023\/04\/cropped-LJSA_no_back.png",512,512,false],"2048x2048":["https:\/\/latviajetsport.com\/wp-content\/uploads\/2023\/04\/cropped-LJSA_no_back.png",512,512,false],"trp-custom-language-flag":["https:\/\/latviajetsport.com\/wp-content\/uploads\/2023\/04\/cropped-LJSA_no_back-12x12.png",12,12,true]},"rttpg_author":{"display_name":"udensmocis.lv@gmail.com","author_link":"https:\/\/latviajetsport.com\/en\/author\/udensmocis-lvgmail-com\/"},"rttpg_comment":0,"rttpg_category":null,"rttpg_excerpt":"2025.&nbsp;gada \u016bdens motociklu sacens\u012bbu rezult\u0101ti Results (nav aktu\u0101la) 2025 2024 2023 2022 2021 2020 2019 Arh\u012bvs Lejupiel\u0101d\u0113t","_links":{"self":[{"href":"https:\/\/latviajetsport.com\/en\/wp-json\/wp\/v2\/pages\/4451","targetHints":{"allow":["GET"]}}],"collection":[{"href":"https:\/\/latviajetsport.com\/en\/wp-json\/wp\/v2\/pages"}],"about":[{"href":"https:\/\/latviajetsport.com\/en\/wp-json\/wp\/v2\/types\/page"}],"author":[{"embeddable":true,"href":"https:\/\/latviajetsport.com\/en\/wp-json\/wp\/v2\/users\/1"}],"replies":[{"embeddable":true,"href":"https:\/\/latviajetsport.com\/en\/wp-json\/wp\/v2\/comments?post=4451"}],"version-history":[{"count":22,"href":"https:\/\/latviajetsport.com\/en\/wp-json\/wp\/v2\/pages\/4451\/revisions"}],"predecessor-version":[{"id":4988,"href":"https:\/\/latviajetsport.com\/en\/wp-json\/wp\/v2\/pages\/4451\/revisions\/4988"}],"wp:featuredmedia":[{"embeddable":true,"href":"https:\/\/latviajetsport.com\/en\/wp-json\/wp\/v2\/media\/1496"}],"wp:attachment":[{"href":"https:\/\/latviajetsport.com\/en\/wp-json\/wp\/v2\/media?parent=4451"}],"curies":[{"name":"wp","href":"https:\/\/api.w.org\/{rel}","templated":true}]}}