{"id":4604,"date":"2025-07-20T12:35:21","date_gmt":"2025-07-20T12:35:21","guid":{"rendered":"https:\/\/latviajetsport.com\/?page_id=4604"},"modified":"2026-02-25T12:58:01","modified_gmt":"2026-02-25T12:58:01","slug":"bazes","status":"publish","type":"page","link":"https:\/\/latviajetsport.com\/en\/bazes\/","title":{"rendered":"B\u0101zes"},"content":{"rendered":"<div data-elementor-type=\"wp-post\" data-elementor-id=\"4604\" class=\"elementor elementor-4604\" data-elementor-settings=\"{&quot;ha_cmc_init_switcher&quot;:&quot;no&quot;}\">\n\t\t\t\t\t\t<section class=\"elementor-section elementor-top-section elementor-element elementor-element-d7d8b56 elementor-section-boxed elementor-section-height-default elementor-section-height-default wpr-particle-no wpr-jarallax-no wpr-parallax-no wpr-sticky-section-no\" data-id=\"d7d8b56\" data-element_type=\"section\" data-e-type=\"section\" data-settings=\"{&quot;background_background&quot;:&quot;classic&quot;,&quot;shape_divider_bottom&quot;:&quot;wave-brush&quot;,&quot;_ha_eqh_enable&quot;:false}\">\n\t\t\t\t\t\t\t<div class=\"elementor-background-overlay\"><\/div>\n\t\t\t\t\t\t<div class=\"elementor-shape elementor-shape-bottom\" aria-hidden=\"true\" data-negative=\"false\">\n\t\t\t<svg xmlns=\"http:\/\/www.w3.org\/2000\/svg\" viewbox=\"0 0 283.5 27.8\" preserveaspectratio=\"none\">\n\t<path class=\"elementor-shape-fill\" d=\"M283.5,9.7c0,0-7.3,4.3-14,4.6c-6.8,0.3-12.6,0-20.9-1.5c-11.3-2-33.1-10.1-44.7-5.7\ts-12.1,4.6-18,7.4c-6.6,3.2-20,9.6-36.6,9.3C131.6,23.5,99.5,7.2,86.3,8c-1.4,0.1-6.6,0.8-10.5,2c-3.8,1.2-9.4,3.8-17,4.7\tc-3.2,0.4-8.3,1.1-14.2,0.9c-1.5-0.1-6.3-0.4-12-1.6c-5.7-1.2-11-3.1-15.8-3.7C6.5,9.2,0,10.8,0,10.8V0h283.5V9.7z M260.8,11.3\tc-0.7-1-2-0.4-4.3-0.4c-2.3,0-6.1-1.2-5.8-1.1c0.3,0.1,3.1,1.5,6,1.9C259.7,12.2,261.4,12.3,260.8,11.3z M242.4,8.6\tc0,0-2.4-0.2-5.6-0.9c-3.2-0.8-10.3-2.8-15.1-3.5c-8.2-1.1-15.8,0-15.1,0.1c0.8,0.1,9.6-0.6,17.6,1.1c3.3,0.7,9.3,2.2,12.4,2.7\tC239.9,8.7,242.4,8.6,242.4,8.6z M185.2,8.5c1.7-0.7-13.3,4.7-18.5,6.1c-2.1,0.6-6.2,1.6-10,2c-3.9,0.4-8.9,0.4-8.8,0.5\tc0,0.2,5.8,0.8,11.2,0c5.4-0.8,5.2-1.1,7.6-1.6C170.5,14.7,183.5,9.2,185.2,8.5z M199.1,6.9c0.2,0-0.8-0.4-4.8,1.1\tc-4,1.5-6.7,3.5-6.9,3.7c-0.2,0.1,3.5-1.8,6.6-3C197,7.5,199,6.9,199.1,6.9z M283,6c-0.1,0.1-1.9,1.1-4.8,2.5s-6.9,2.8-6.7,2.7\tc0.2,0,3.5-0.6,7.4-2.5C282.8,6.8,283.1,5.9,283,6z M31.3,11.6c0.1-0.2-1.9-0.2-4.5-1.2s-5.4-1.6-7.8-2C15,7.6,7.3,8.5,7.7,8.6\tC8,8.7,15.9,8.3,20.2,9.3c2.2,0.5,2.4,0.5,5.7,1.6S31.2,11.9,31.3,11.6z M73,9.2c0.4-0.1,3.5-1.6,8.4-2.6c4.9-1.1,8.9-0.5,8.9-0.8\tc0-0.3-1-0.9-6.2-0.3S72.6,9.3,73,9.2z M71.6,6.7C71.8,6.8,75,5.4,77.3,5c2.3-0.3,1.9-0.5,1.9-0.6c0-0.1-1.1-0.2-2.7,0.2\tC74.8,5.1,71.4,6.6,71.6,6.7z M93.6,4.4c0.1,0.2,3.5,0.8,5.6,1.8c2.1,1,1.8,0.6,1.9,0.5c0.1-0.1-0.8-0.8-2.4-1.3\tC97.1,4.8,93.5,4.2,93.6,4.4z M65.4,11.1c-0.1,0.3,0.3,0.5,1.9-0.2s2.6-1.3,2.2-1.2s-0.9,0.4-2.5,0.8C65.3,10.9,65.5,10.8,65.4,11.1\tz M34.5,12.4c-0.2,0,2.1,0.8,3.3,0.9c1.2,0.1,2,0.1,2-0.2c0-0.3-0.1-0.5-1.6-0.4C36.6,12.8,34.7,12.4,34.5,12.4z M152.2,21.1\tc-0.1,0.1-2.4-0.3-7.5-0.3c-5,0-13.6-2.4-17.2-3.5c-3.6-1.1,10,3.9,16.5,4.1C150.5,21.6,152.3,21,152.2,21.1z\"\/>\n\t<path class=\"elementor-shape-fill\" d=\"M269.6,18c-0.1-0.1-4.6,0.3-7.2,0c-7.3-0.7-17-3.2-16.6-2.9c0.4,0.3,13.7,3.1,17,3.3\tC267.7,18.8,269.7,18,269.6,18z\"\/>\n\t<path class=\"elementor-shape-fill\" d=\"M227.4,9.8c-0.2-0.1-4.5-1-9.5-1.2c-5-0.2-12.7,0.6-12.3,0.5c0.3-0.1,5.9-1.8,13.3-1.2\tS227.6,9.9,227.4,9.8z\"\/>\n\t<path class=\"elementor-shape-fill\" d=\"M204.5,13.4c-0.1-0.1,2-1,3.2-1.1c1.2-0.1,2,0,2,0.3c0,0.3-0.1,0.5-1.6,0.4\tC206.4,12.9,204.6,13.5,204.5,13.4z\"\/>\n\t<path class=\"elementor-shape-fill\" d=\"M201,10.6c0-0.1-4.4,1.2-6.3,2.2c-1.9,0.9-6.2,3.1-6.1,3.1c0.1,0.1,4.2-1.6,6.3-2.6\tS201,10.7,201,10.6z\"\/>\n\t<path class=\"elementor-shape-fill\" d=\"M154.5,26.7c-0.1-0.1-4.6,0.3-7.2,0c-7.3-0.7-17-3.2-16.6-2.9c0.4,0.3,13.7,3.1,17,3.3\tC152.6,27.5,154.6,26.8,154.5,26.7z\"\/>\n\t<path class=\"elementor-shape-fill\" d=\"M41.9,19.3c0,0,1.2-0.3,2.9-0.1c1.7,0.2,5.8,0.9,8.2,0.7c4.2-0.4,7.4-2.7,7-2.6\tc-0.4,0-4.3,2.2-8.6,1.9c-1.8-0.1-5.1-0.5-6.7-0.4S41.9,19.3,41.9,19.3z\"\/>\n\t<path class=\"elementor-shape-fill\" d=\"M75.5,12.6c0.2,0.1,2-0.8,4.3-1.1c2.3-0.2,2.1-0.3,2.1-0.5c0-0.1-1.8-0.4-3.4,0\tC76.9,11.5,75.3,12.5,75.5,12.6z\"\/>\n\t<path class=\"elementor-shape-fill\" d=\"M15.6,13.2c0-0.1,4.3,0,6.7,0.5c2.4,0.5,5,1.9,5,2c0,0.1-2.7-0.8-5.1-1.4\tC19.9,13.7,15.7,13.3,15.6,13.2z\"\/>\n<\/svg>\t\t<\/div>\n\t\t\t\t\t<div class=\"elementor-container elementor-column-gap-default\">\n\t\t\t\t\t<div class=\"elementor-column elementor-col-100 elementor-top-column elementor-element elementor-element-fd69444\" data-id=\"fd69444\" data-element_type=\"column\" data-e-type=\"column\">\n\t\t\t<div class=\"elementor-widget-wrap elementor-element-populated\">\n\t\t\t\t\t\t<div class=\"elementor-element elementor-element-abcc2f2 elementor-widget elementor-widget-heading\" data-id=\"abcc2f2\" data-element_type=\"widget\" data-e-type=\"widget\" data-widget_type=\"heading.default\">\n\t\t\t\t<div class=\"elementor-widget-container\">\n\t\t\t\t\t<h1 class=\"elementor-heading-title elementor-size-default\">\u016adensmotociklu treni\u0146u b\u0101zes Latvij\u0101<\/h1>\t\t\t\t<\/div>\n\t\t\t\t<\/div>\n\t\t\t\t\t<\/div>\n\t\t<\/div>\n\t\t\t\t\t<\/div>\n\t\t<\/section>\n\t\t\t\t<section class=\"elementor-section elementor-top-section elementor-element elementor-element-fde3830 elementor-section-boxed elementor-section-height-default elementor-section-height-default wpr-particle-no wpr-jarallax-no wpr-parallax-no wpr-sticky-section-no\" data-id=\"fde3830\" data-element_type=\"section\" data-e-type=\"section\" data-settings=\"{&quot;background_background&quot;:&quot;classic&quot;,&quot;_ha_eqh_enable&quot;:false}\">\n\t\t\t\t\t\t<div class=\"elementor-container elementor-column-gap-default\">\n\t\t\t\t\t<div class=\"elementor-column elementor-col-50 elementor-top-column elementor-element elementor-element-16e5a2e\" data-id=\"16e5a2e\" data-element_type=\"column\" data-e-type=\"column\">\n\t\t\t<div class=\"elementor-widget-wrap elementor-element-populated\">\n\t\t\t\t\t\t<div class=\"elementor-element elementor-element-b99b6aa elementor-widget elementor-widget-heading\" data-id=\"b99b6aa\" data-element_type=\"widget\" data-e-type=\"widget\" data-widget_type=\"heading.default\">\n\t\t\t\t<div class=\"elementor-widget-container\">\n\t\t\t\t\t<h2 class=\"elementor-heading-title elementor-size-default\">ENGURES OSTA<\/h2>\t\t\t\t<\/div>\n\t\t\t\t<\/div>\n\t\t\t\t<div class=\"elementor-element elementor-element-a73b7c1 elementor-widget-divider--view-line elementor-widget elementor-widget-divider\" data-id=\"a73b7c1\" data-element_type=\"widget\" data-e-type=\"widget\" data-widget_type=\"divider.default\">\n\t\t\t\t<div class=\"elementor-widget-container\">\n\t\t\t\t\t\t\t<div class=\"elementor-divider\">\n\t\t\t<span class=\"elementor-divider-separator\">\n\t\t\t\t\t\t<\/span>\n\t\t<\/div>\n\t\t\t\t\t\t<\/div>\n\t\t\t\t<\/div>\n\t\t\t\t<div class=\"elementor-element elementor-element-316d585 elementor-widget elementor-widget-text-editor\" data-id=\"316d585\" data-element_type=\"widget\" data-e-type=\"widget\" data-widget_type=\"text-editor.default\">\n\t\t\t\t<div class=\"elementor-widget-container\">\n\t\t\t\t\t\t\t\t\t<p><span lang=\"LV-LV\" xml:lang=\"LV-LV\" data-contrast=\"auto\">Latvijas \u016adensmotociklu Sporta Asoci\u0101cija (L\u016aMSA) sadarb\u012bb\u0101 ar Engures pa\u0161vald\u012bbu un Ostu, kop\u0161 2025. gada sezonas pied\u0101v\u0101 atv\u0113rtu treni\u0146u b\u0101zi \u016bdensmotociklu treni\u0146iem. \u0160\u012b ir pirm\u0101 \u0161\u0101da veida treni\u0146u b\u0101ze un t\u0101 sniedz v\u0113l nebiju\u0161u iesp\u0113ju treni\u0146iem un sportistu sagatavo\u0161anai. Trase atrodas blakus Engures ostai un treni\u0146i taj\u0101 notiek ceturtdien\u0101s, sestdien\u0101s un sv\u0113tdien\u0101s.\u00a0<\/span><\/p><p><span dir=\"auto\">Aicin\u0101m visus \u016bdens motociklu \u012bpa\u0161niekus pievienoties aizraujo\u0161iem treni\u0146iem pie j\u016bras ar profesion\u0101lu atbalstu un dro\u0161u vidi!<\/span><\/p><div dir=\"auto\" style=\"text-align: start;\"><img decoding=\"async\" src=\"https:\/\/static.xx.fbcdn.net\/images\/emoji.php\/v9\/t4c\/1\/16\/25aa.png\" alt=\"\u25aa\ufe0f\" width=\"16\" height=\"16\" \/> Ceturtdien\u0101s: 16:00 \u2013 20:00<\/div><div dir=\"auto\" style=\"text-align: start;\"><img decoding=\"async\" src=\"https:\/\/static.xx.fbcdn.net\/images\/emoji.php\/v9\/t4c\/1\/16\/25aa.png\" alt=\"\u25aa\ufe0f\" width=\"16\" height=\"16\" \/> Sestdien\u0101s: 12:00 \u2013 16:00<\/div><div dir=\"auto\" style=\"text-align: start;\"><img decoding=\"async\" src=\"https:\/\/static.xx.fbcdn.net\/images\/emoji.php\/v9\/t4c\/1\/16\/25aa.png\" alt=\"\u25aa\ufe0f\" width=\"16\" height=\"16\" \/> Sv\u0113tdien\u0101s: 13:00 \u2013 16:00<\/div><p>Pirms do\u0161an\u0101s uz Engures trasi aicin\u0101m iepaz\u012bties ar t\u0101s noteikumiem &#8211; <a href=\"https:\/\/ej.uz\/Enguresnoteikumi\" rel=\"nofollow noopener\" target=\"_blank\">https:\/\/ej.uz\/Enguresnoteikumi<\/a><\/p><p>K\u0101 ar\u012b aizpild\u012bt pieteikumu &#8211; <a href=\"https:\/\/ej.uz\/Engures_trases_pieteiksanas\" rel=\"nofollow noopener\" target=\"_blank\">https:\/\/ej.uz\/Engures_trases_pieteiksanas<\/a><\/p>\t\t\t\t\t\t\t\t<\/div>\n\t\t\t\t<\/div>\n\t\t\t\t\t<\/div>\n\t\t<\/div>\n\t\t\t\t<div class=\"elementor-column elementor-col-50 elementor-top-column elementor-element elementor-element-2d0cc93\" data-id=\"2d0cc93\" data-element_type=\"column\" data-e-type=\"column\">\n\t\t\t<div class=\"elementor-widget-wrap elementor-element-populated\">\n\t\t\t\t\t\t<div class=\"elementor-element elementor-element-75416bb elementor-widget elementor-widget-image\" data-id=\"75416bb\" data-element_type=\"widget\" data-e-type=\"widget\" data-widget_type=\"image.default\">\n\t\t\t\t<div class=\"elementor-widget-container\">\n\t\t\t\t\t\t\t\t\t\t\t\t\t\t\t<img fetchpriority=\"high\" decoding=\"async\" width=\"2560\" height=\"1652\" src=\"https:\/\/latviajetsport.com\/wp-content\/uploads\/2025\/07\/Foto.-Andris-Jermuts-73-scaled.jpg\" class=\"elementor-animation-grow attachment-full size-full wp-image-4607\" alt=\"\" srcset=\"https:\/\/latviajetsport.com\/wp-content\/uploads\/2025\/07\/Foto.-Andris-Jermuts-73-scaled.jpg 2560w, https:\/\/latviajetsport.com\/wp-content\/uploads\/2025\/07\/Foto.-Andris-Jermuts-73-300x194.jpg 300w, https:\/\/latviajetsport.com\/wp-content\/uploads\/2025\/07\/Foto.-Andris-Jermuts-73-1024x661.jpg 1024w, https:\/\/latviajetsport.com\/wp-content\/uploads\/2025\/07\/Foto.-Andris-Jermuts-73-768x496.jpg 768w, https:\/\/latviajetsport.com\/wp-content\/uploads\/2025\/07\/Foto.-Andris-Jermuts-73-1536x991.jpg 1536w, https:\/\/latviajetsport.com\/wp-content\/uploads\/2025\/07\/Foto.-Andris-Jermuts-73-2048x1322.jpg 2048w, https:\/\/latviajetsport.com\/wp-content\/uploads\/2025\/07\/Foto.-Andris-Jermuts-73-18x12.jpg 18w\" sizes=\"(max-width: 2560px) 100vw, 2560px\" \/>\t\t\t\t\t\t\t\t\t\t\t\t\t\t\t<\/div>\n\t\t\t\t<\/div>\n\t\t\t\t\t<\/div>\n\t\t<\/div>\n\t\t\t\t\t<\/div>\n\t\t<\/section>\n\t\t<div class=\"elementor-element elementor-element-fa266e3 e-flex e-con-boxed wpr-particle-no wpr-jarallax-no wpr-parallax-no wpr-sticky-section-no e-con e-parent\" data-id=\"fa266e3\" data-element_type=\"container\" data-e-type=\"container\" data-settings=\"{&quot;_ha_eqh_enable&quot;:false}\">\n\t\t\t\t\t<div class=\"e-con-inner\">\n\t\t\t\t<div class=\"elementor-element elementor-element-7415986 elementor-widget elementor-widget-image\" data-id=\"7415986\" data-element_type=\"widget\" data-e-type=\"widget\" data-widget_type=\"image.default\">\n\t\t\t\t<div class=\"elementor-widget-container\">\n\t\t\t\t\t\t\t\t\t\t\t\t\t\t\t<img decoding=\"async\" width=\"1024\" height=\"576\" src=\"https:\/\/latviajetsport.com\/wp-content\/uploads\/2026\/02\/SPONSORU-LOGO-majaslapai-1024x576.jpg\" class=\"attachment-large size-large wp-image-4961\" alt=\"\" srcset=\"https:\/\/latviajetsport.com\/wp-content\/uploads\/2026\/02\/SPONSORU-LOGO-majaslapai-1024x576.jpg 1024w, https:\/\/latviajetsport.com\/wp-content\/uploads\/2026\/02\/SPONSORU-LOGO-majaslapai-300x169.jpg 300w, https:\/\/latviajetsport.com\/wp-content\/uploads\/2026\/02\/SPONSORU-LOGO-majaslapai-768x432.jpg 768w, https:\/\/latviajetsport.com\/wp-content\/uploads\/2026\/02\/SPONSORU-LOGO-majaslapai-1536x864.jpg 1536w, https:\/\/latviajetsport.com\/wp-content\/uploads\/2026\/02\/SPONSORU-LOGO-majaslapai-18x10.jpg 18w, https:\/\/latviajetsport.com\/wp-content\/uploads\/2026\/02\/SPONSORU-LOGO-majaslapai.jpg 1920w\" sizes=\"(max-width: 1024px) 100vw, 1024px\" \/>\t\t\t\t\t\t\t\t\t\t\t\t\t\t\t<\/div>\n\t\t\t\t<\/div>\n\t\t\t\t\t<\/div>\n\t\t\t\t<\/div>\n\t\t\t\t<\/div>","protected":false},"excerpt":{"rendered":"<p>\u016adensmotociklu treni\u0146u b\u0101zes Latvij\u0101 ENGURES OSTA Latvijas \u016adensmotociklu Sporta Asoci\u0101cija (L\u016aMSA) sadarb\u012bb\u0101 ar Engures pa\u0161vald\u012bbu un Ostu, kop\u0161 2025. gada sezonas pied\u0101v\u0101 atv\u0113rtu treni\u0146u b\u0101zi \u016bdensmotociklu treni\u0146iem. \u0160\u012b ir pirm\u0101 \u0161\u0101da veida treni\u0146u b\u0101ze un t\u0101 sniedz v\u0113l nebiju\u0161u iesp\u0113ju treni\u0146iem un sportistu sagatavo\u0161anai. Trase atrodas blakus Engures ostai un treni\u0146i taj\u0101 notiek ceturtdien\u0101s, sestdien\u0101s un sv\u0113tdien\u0101s.\u00a0 Aicin\u0101m visus \u016bdens motociklu \u012bpa\u0161niekus pievienoties aizraujo\u0161iem treni\u0146iem pie j\u016bras ar profesion\u0101lu atbalstu un dro\u0161u vidi! Ceturtdien\u0101s: 16:00 \u2013 20:00 Sestdien\u0101s: 12:00 \u2013 16:00 Sv\u0113tdien\u0101s: 13:00 \u2013 16:00 Pirms do\u0161an\u0101s uz Engures trasi aicin\u0101m iepaz\u012bties ar t\u0101s noteikumiem &#8211; https:\/\/ej.uz\/Enguresnoteikumi K\u0101 ar\u012b aizpild\u012bt pieteikumu &#8211; https:\/\/ej.uz\/Engures_trases_pieteiksanas<\/p>","protected":false},"author":1,"featured_media":1934,"parent":0,"menu_order":0,"comment_status":"closed","ping_status":"closed","template":"elementor_header_footer","meta":{"site-sidebar-layout":"no-sidebar","site-content-layout":"page-builder","ast-site-content-layout":"default","site-content-style":"default","site-sidebar-style":"default","ast-global-header-display":"","ast-banner-title-visibility":"","ast-main-header-display":"","ast-hfb-above-header-display":"","ast-hfb-below-header-display":"","ast-hfb-mobile-header-display":"","site-post-title":"disabled","ast-breadcrumbs-content":"","ast-featured-img":"disabled","footer-sml-layout":"","ast-disable-related-posts":"","theme-transparent-header-meta":"enabled","adv-header-id-meta":"","stick-header-meta":"","header-above-stick-meta":"","header-main-stick-meta":"","header-below-stick-meta":"","astra-migrate-meta-layouts":"default","ast-page-background-enabled":"default","ast-page-background-meta":{"desktop":{"background-color":"","background-image":"","background-repeat":"repeat","background-position":"center center","background-size":"auto","background-attachment":"scroll","background-type":"","background-media":"","overlay-type":"","overlay-color":"","overlay-opacity":"","overlay-gradient":""},"tablet":{"background-color":"","background-image":"","background-repeat":"repeat","background-position":"center center","background-size":"auto","background-attachment":"scroll","background-type":"","background-media":"","overlay-type":"","overlay-color":"","overlay-opacity":"","overlay-gradient":""},"mobile":{"background-color":"","background-image":"","background-repeat":"repeat","background-position":"center center","background-size":"auto","background-attachment":"scroll","background-type":"","background-media":"","overlay-type":"","overlay-color":"","overlay-opacity":"","overlay-gradient":""}},"ast-content-background-meta":{"desktop":{"background-color":"var(--ast-global-color-5)","background-image":"","background-repeat":"repeat","background-position":"center center","background-size":"auto","background-attachment":"scroll","background-type":"","background-media":"","overlay-type":"","overlay-color":"","overlay-opacity":"","overlay-gradient":""},"tablet":{"background-color":"var(--ast-global-color-5)","background-image":"","background-repeat":"repeat","background-position":"center center","background-size":"auto","background-attachment":"scroll","background-type":"","background-media":"","overlay-type":"","overlay-color":"","overlay-opacity":"","overlay-gradient":""},"mobile":{"background-color":"var(--ast-global-color-5)","background-image":"","background-repeat":"repeat","background-position":"center center","background-size":"auto","background-attachment":"scroll","background-type":"","background-media":"","overlay-type":"","overlay-color":"","overlay-opacity":"","overlay-gradient":""}},"footnotes":""},"class_list":["post-4604","page","type-page","status-publish","has-post-thumbnail","hentry"],"rttpg_featured_image_url":{"full":["https:\/\/latviajetsport.com\/wp-content\/uploads\/2023\/05\/cropped-LJSA_no_back.png",500,459,false],"landscape":["https:\/\/latviajetsport.com\/wp-content\/uploads\/2023\/05\/cropped-LJSA_no_back.png",500,459,false],"portraits":["https:\/\/latviajetsport.com\/wp-content\/uploads\/2023\/05\/cropped-LJSA_no_back.png",500,459,false],"thumbnail":["https:\/\/latviajetsport.com\/wp-content\/uploads\/2023\/05\/cropped-LJSA_no_back-150x150.png",150,150,true],"medium":["https:\/\/latviajetsport.com\/wp-content\/uploads\/2023\/05\/cropped-LJSA_no_back-300x275.png",300,275,true],"large":["https:\/\/latviajetsport.com\/wp-content\/uploads\/2023\/05\/cropped-LJSA_no_back.png",500,459,false],"1536x1536":["https:\/\/latviajetsport.com\/wp-content\/uploads\/2023\/05\/cropped-LJSA_no_back.png",500,459,false],"2048x2048":["https:\/\/latviajetsport.com\/wp-content\/uploads\/2023\/05\/cropped-LJSA_no_back.png",500,459,false],"trp-custom-language-flag":["https:\/\/latviajetsport.com\/wp-content\/uploads\/2023\/05\/cropped-LJSA_no_back-13x12.png",13,12,true]},"rttpg_author":{"display_name":"udensmocis.lv@gmail.com","author_link":"https:\/\/latviajetsport.com\/en\/author\/udensmocis-lvgmail-com\/"},"rttpg_comment":0,"rttpg_category":null,"rttpg_excerpt":"\u016adensmotociklu treni\u0146u b\u0101zes Latvij\u0101 ENGURES OSTA Latvijas \u016adensmotociklu Sporta Asoci\u0101cija (L\u016aMSA) sadarb\u012bb\u0101 ar Engures pa\u0161vald\u012bbu un Ostu, kop\u0161 2025. gada sezonas pied\u0101v\u0101 atv\u0113rtu treni\u0146u b\u0101zi \u016bdensmotociklu treni\u0146iem. \u0160\u012b ir pirm\u0101 \u0161\u0101da veida treni\u0146u b\u0101ze un t\u0101 sniedz v\u0113l nebiju\u0161u iesp\u0113ju treni\u0146iem un sportistu sagatavo\u0161anai. Trase atrodas blakus Engures ostai un treni\u0146i taj\u0101 notiek ceturtdien\u0101s, sestdien\u0101s&hellip;","_links":{"self":[{"href":"https:\/\/latviajetsport.com\/en\/wp-json\/wp\/v2\/pages\/4604","targetHints":{"allow":["GET"]}}],"collection":[{"href":"https:\/\/latviajetsport.com\/en\/wp-json\/wp\/v2\/pages"}],"about":[{"href":"https:\/\/latviajetsport.com\/en\/wp-json\/wp\/v2\/types\/page"}],"author":[{"embeddable":true,"href":"https:\/\/latviajetsport.com\/en\/wp-json\/wp\/v2\/users\/1"}],"replies":[{"embeddable":true,"href":"https:\/\/latviajetsport.com\/en\/wp-json\/wp\/v2\/comments?post=4604"}],"version-history":[{"count":19,"href":"https:\/\/latviajetsport.com\/en\/wp-json\/wp\/v2\/pages\/4604\/revisions"}],"predecessor-version":[{"id":4995,"href":"https:\/\/latviajetsport.com\/en\/wp-json\/wp\/v2\/pages\/4604\/revisions\/4995"}],"wp:featuredmedia":[{"embeddable":true,"href":"https:\/\/latviajetsport.com\/en\/wp-json\/wp\/v2\/media\/1934"}],"wp:attachment":[{"href":"https:\/\/latviajetsport.com\/en\/wp-json\/wp\/v2\/media?parent=4604"}],"curies":[{"name":"wp","href":"https:\/\/api.w.org\/{rel}","templated":true}]}}